{"id":361,"date":"2023-11-05T14:32:51","date_gmt":"2023-11-05T12:32:51","guid":{"rendered":"https:\/\/sipsy.fi\/contact\/"},"modified":"2023-12-02T10:22:29","modified_gmt":"2023-12-02T08:22:29","slug":"contact","status":"publish","type":"page","link":"https:\/\/sipsy.fi\/fi\/contact\/","title":{"rendered":"Ota yhteytt\u00e4"},"content":{"rendered":"<div>\n<div>\n<p>Jos olet kiinnostunut IFS:st\u00e4 ja haluat auttaa meit\u00e4, hae j\u00e4senyytt\u00e4.<\/p>\n<\/div>\n<\/div>\n<p>\n    <a href=\"https:\/\/docs.google.com\/forms\/d\/1mxbD92o1Ak7L4vRmdeDH8_hW7p3DUn3MGIU9u0j7mEQ\">Liity meihin<\/a>\n<\/p>\n<p><!--more--><br \/>\n<!-- {\"type\":\"layout\",\"children\":[{\"type\":\"section\",\"props\":{\"animation\":\"fade\",\"image_position\":\"center-center\",\"style\":\"primary\",\"title_breakpoint\":\"xl\",\"title_position\":\"top-left\",\"title_rotation\":\"left\",\"vertical_align\":\"middle\",\"width\":\"default\",\"yooessentials_form\":{\"state\":true,\"after_submit_actions\":[{\"id\":\"ADD052\",\"type\":\"message\",\"props\":{\"content\":\"Kiitos viestist\\u00e4si\"}},{\"id\":\"7C5BD7\",\"type\":\"email\",\"props\":{\"html\":true,\"attachments\":[null],\"submitted_attachments\":[null],\"subject\":\"SIPSY-sivuston viesti\",\"recipients\":\"andras@ratonyi.com\",\"from_name\":\"{Nimi}\",\"from\":\"{Shkposti}\",\"reply_tos\":\"{Shkposti}\",\"body\":\"\n\n<p><strong>Nimi:<\\\/strong> {Nimi}<br \\\/><strong>S\\u00e4hk\\u00f6posti:<\\\/strong> {Shkposti}<br \\\/><br \\\/><strong>Viesti:<\\\/strong><br \\\/>{Viesti}<\\\/p>\"}},{\"type\":\"save-google-sheet\",\"props\":{\"value_input\":\"INPUT_TYPE_RAW\",\"content\":[{\"id\":\"Name\",\"props\":{\"status\":\"\"},\"source_extended\":{\"props\":{\"value\":{\"filters\":{\"search\":\"\"},\"name\":\"nimi\",\"query\":{\"name\":\"yooessentials_form_query\"}}}}},{\"id\":\"Email\",\"props\":{\"status\":\"\"},\"source_extended\":{\"props\":{\"value\":{\"filters\":{\"search\":\"\"},\"name\":\"shkposti\",\"query\":{\"name\":\"yooessentials_form_query\"}}}}},{\"id\":\"Message\",\"props\":{\"status\":\"\"},\"source_extended\":{\"props\":{\"value\":{\"filters\":{\"search\":\"\"},\"name\":\"viesti\",\"query\":{\"name\":\"yooessentials_form_query\"}}}}},{\"id\":\"Time\",\"props\":{\"status\":\"\"},\"source_extended\":{\"props\":{\"value\":{\"filters\":{\"search\":\"\",\"date\":\"\"},\"name\":\"time\",\"query\":{\"name\":\"yooessentials_request\"}}}}}],\"account\":\"107250972841547223791\",\"sheet_id\":\"1W9R2DNwSVyM1v_p8iT2keImiqnhTdZjgh6c-dkiIcBA\",\"_meta\":{\"fields\":{\"sheet_id\":{\"name\":\"SIPSY web messages\"}}}}}],\"html5validation\":true,\"reset_after_submit\":true,\"override_action_url\":false,\"action_method\":\"POST\"}},\"children\":[{\"type\":\"row\",\"children\":[{\"type\":\"column\",\"props\":{\"image_position\":\"center-center\",\"position_sticky_breakpoint\":\"m\",\"width_medium\":\"2-3\"},\"children\":[{\"type\":\"yooessentials_form_input\",\"props\":{\"control_icon_align\":\"left\",\"grid_column_gap\":\"small\",\"grid_columns_number\":\"auto\",\"grid_row_gap\":\"small\",\"margin\":\"default\",\"show_icon\":true,\"show_label\":true},\"children\":[{\"type\":\"yooessentials_form_input_text\",\"props\":{\"control_id_inherit\":true,\"control_name\":\"Nimi\",\"control_placeholder\":\"Nimi\",\"control_required\":true}},{\"type\":\"yooessentials_form_input_email\",\"props\":{\"control_id_inherit\":true,\"control_name\":\"Shkposti\",\"control_placeholder\":\"S\\u00e4hk\\u00f6posti\",\"control_required\":true}}]},{\"type\":\"yooessentials_form_textarea\",\"props\":{\"control_id_inherit\":true,\"control_name\":\"Viesti\",\"control_placeholder\":\"Viesti\",\"control_required\":true,\"control_rows\":5,\"margin\":\"default\"}},{\"type\":\"yooessentials_form_button\",\"props\":{\"grid_column_gap\":\"small\",\"grid_row_gap\":\"small\",\"margin\":\"default\"},\"children\":[{\"type\":\"yooessentials_form_button_item\",\"props\":{\"button_style\":\"default\",\"content\":\"L\\u00e4het\\u00e4\",\"icon\":\"\",\"icon_align\":\"left\"}}]}]},{\"type\":\"column\",\"props\":{\"image_position\":\"center-center\",\"position_sticky_breakpoint\":\"m\",\"width_medium\":\"1-3\"},\"children\":[{\"type\":\"panel\",\"props\":{\"content\":\"\n\n<p>Jos olet kiinnostunut IFS:st\\u00e4 ja haluat auttaa meit\\u00e4, hae j\\u00e4senyytt\\u00e4.<\\\/p>\",\"content_column_breakpoint\":\"m\",\"icon_width\":80,\"image_align\":\"top\",\"image_grid_breakpoint\":\"m\",\"image_grid_width\":\"1-2\",\"image_svg_color\":\"emphasis\",\"link_style\":\"default\",\"link_text\":\"Read more\",\"margin\":\"default\",\"meta_align\":\"below-title\",\"meta_element\":\"div\",\"meta_style\":\"text-meta\",\"title_align\":\"top\",\"title_element\":\"h3\",\"title_grid_breakpoint\":\"m\",\"title_grid_width\":\"1-2\",\"title_hover_style\":\"reset\"}},{\"type\":\"button\",\"props\":{\"grid_column_gap\":\"small\",\"grid_row_gap\":\"small\",\"margin\":\"default\"},\"children\":[{\"type\":\"button_item\",\"props\":{\"button_style\":\"default\",\"content\":\"Liity meihin\",\"icon_align\":\"left\",\"link\":\"https:\\\/\\\/docs.google.com\\\/forms\\\/d\\\/1mxbD92o1Ak7L4vRmdeDH8_hW7p3DUn3MGIU9u0j7mEQ\",\"link_target\":\"blank\"}}]}]}],\"props\":{\"layout\":\"2-3,1-3\"}}],\"formid\":\"8031421a\"}],\"version\":\"4.2.10\",\"yooessentialsVersion\":\"2.1.1\"} --><\/p>\n","protected":false},"excerpt":{"rendered":"<p>Jos olet kiinnostunut IFS:st\u00e4 ja haluat auttaa meit\u00e4, hae j\u00e4senyytt\u00e4. Liity meihin<\/p>\n","protected":false},"author":1,"featured_media":0,"parent":0,"menu_order":0,"comment_status":"closed","ping_status":"closed","template":"","meta":{"_acf_changed":false,"footnotes":""},"class_list":["post-361","page","type-page","status-publish","hentry"],"acf":[],"yoast_head":"<!-- This site is optimized with the Yoast SEO plugin v27.5 - https:\/\/yoast.com\/product\/yoast-seo-wordpress\/ -->\n<title>Ota yhteytt\u00e4 - SIPSY<\/title>\n<meta name=\"robots\" content=\"index, follow, max-snippet:-1, max-image-preview:large, max-video-preview:-1\" \/>\n<link rel=\"canonical\" href=\"https:\/\/sipsy.fi\/fi\/contact\/\" \/>\n<meta property=\"og:locale\" content=\"fi_FI\" \/>\n<meta property=\"og:type\" content=\"article\" \/>\n<meta property=\"og:title\" content=\"Ota yhteytt\u00e4 - SIPSY\" \/>\n<meta property=\"og:description\" content=\"Jos olet kiinnostunut IFS:st\u00e4 ja haluat auttaa meit\u00e4, hae j\u00e4senyytt\u00e4. Liity meihin\" \/>\n<meta property=\"og:url\" content=\"https:\/\/sipsy.fi\/contact\/\" \/>\n<meta property=\"og:site_name\" content=\"SIPSY\" \/>\n<meta property=\"article:publisher\" content=\"https:\/\/www.facebook.com\/profile.php?id=61551861792338\" \/>\n<meta property=\"article:modified_time\" content=\"2023-12-02T08:22:29+00:00\" \/>\n<meta name=\"twitter:card\" content=\"summary_large_image\" \/>\n<script type=\"application\/ld+json\" class=\"yoast-schema-graph\">{\"@context\":\"https:\\\/\\\/schema.org\",\"@graph\":[{\"@type\":\"WebPage\",\"@id\":\"https:\\\/\\\/sipsy.fi\\\/contact\\\/\",\"url\":\"https:\\\/\\\/sipsy.fi\\\/contact\\\/\",\"name\":\"Ota yhteytt\u00e4 - SIPSY\",\"isPartOf\":{\"@id\":\"https:\\\/\\\/sipsy.fi\\\/#website\"},\"datePublished\":\"2023-11-05T12:32:51+00:00\",\"dateModified\":\"2023-12-02T08:22:29+00:00\",\"breadcrumb\":{\"@id\":\"https:\\\/\\\/sipsy.fi\\\/contact\\\/#breadcrumb\"},\"inLanguage\":\"fi\",\"potentialAction\":[{\"@type\":\"ReadAction\",\"target\":[\"https:\\\/\\\/sipsy.fi\\\/contact\\\/\"]}]},{\"@type\":\"BreadcrumbList\",\"@id\":\"https:\\\/\\\/sipsy.fi\\\/contact\\\/#breadcrumb\",\"itemListElement\":[{\"@type\":\"ListItem\",\"position\":1,\"name\":\"Home\",\"item\":\"https:\\\/\\\/sipsy.fi\\\/\"},{\"@type\":\"ListItem\",\"position\":2,\"name\":\"Ota yhteytt\u00e4\"}]},{\"@type\":\"WebSite\",\"@id\":\"https:\\\/\\\/sipsy.fi\\\/#website\",\"url\":\"https:\\\/\\\/sipsy.fi\\\/\",\"name\":\"SIPSY\",\"description\":\"IFS Suomi\",\"publisher\":{\"@id\":\"https:\\\/\\\/sipsy.fi\\\/#organization\"},\"potentialAction\":[{\"@type\":\"SearchAction\",\"target\":{\"@type\":\"EntryPoint\",\"urlTemplate\":\"https:\\\/\\\/sipsy.fi\\\/?s={search_term_string}\"},\"query-input\":{\"@type\":\"PropertyValueSpecification\",\"valueRequired\":true,\"valueName\":\"search_term_string\"}}],\"inLanguage\":\"fi\"},{\"@type\":\"Organization\",\"@id\":\"https:\\\/\\\/sipsy.fi\\\/#organization\",\"name\":\"Sis\u00e4isen perheen systeemiterapia yhdistys ry (SIPSY)\",\"url\":\"https:\\\/\\\/sipsy.fi\\\/\",\"logo\":{\"@type\":\"ImageObject\",\"inLanguage\":\"fi\",\"@id\":\"https:\\\/\\\/sipsy.fi\\\/#\\\/schema\\\/logo\\\/image\\\/\",\"url\":\"https:\\\/\\\/sipsy.fi\\\/wp-content\\\/uploads\\\/2023\\\/10\\\/IFSS.png\",\"contentUrl\":\"https:\\\/\\\/sipsy.fi\\\/wp-content\\\/uploads\\\/2023\\\/10\\\/IFSS.png\",\"width\":1200,\"height\":1167,\"caption\":\"Sis\u00e4isen perheen systeemiterapia yhdistys ry (SIPSY)\"},\"image\":{\"@id\":\"https:\\\/\\\/sipsy.fi\\\/#\\\/schema\\\/logo\\\/image\\\/\"},\"sameAs\":[\"https:\\\/\\\/www.facebook.com\\\/profile.php?id=61551861792338\"]}]}<\/script>\n<!-- \/ Yoast SEO plugin. -->","yoast_head_json":{"title":"Ota yhteytt\u00e4 - SIPSY","robots":{"index":"index","follow":"follow","max-snippet":"max-snippet:-1","max-image-preview":"max-image-preview:large","max-video-preview":"max-video-preview:-1"},"canonical":"https:\/\/sipsy.fi\/fi\/contact\/","og_locale":"fi_FI","og_type":"article","og_title":"Ota yhteytt\u00e4 - SIPSY","og_description":"Jos olet kiinnostunut IFS:st\u00e4 ja haluat auttaa meit\u00e4, hae j\u00e4senyytt\u00e4. Liity meihin","og_url":"https:\/\/sipsy.fi\/contact\/","og_site_name":"SIPSY","article_publisher":"https:\/\/www.facebook.com\/profile.php?id=61551861792338","article_modified_time":"2023-12-02T08:22:29+00:00","twitter_card":"summary_large_image","schema":{"@context":"https:\/\/schema.org","@graph":[{"@type":"WebPage","@id":"https:\/\/sipsy.fi\/contact\/","url":"https:\/\/sipsy.fi\/contact\/","name":"Ota yhteytt\u00e4 - SIPSY","isPartOf":{"@id":"https:\/\/sipsy.fi\/#website"},"datePublished":"2023-11-05T12:32:51+00:00","dateModified":"2023-12-02T08:22:29+00:00","breadcrumb":{"@id":"https:\/\/sipsy.fi\/contact\/#breadcrumb"},"inLanguage":"fi","potentialAction":[{"@type":"ReadAction","target":["https:\/\/sipsy.fi\/contact\/"]}]},{"@type":"BreadcrumbList","@id":"https:\/\/sipsy.fi\/contact\/#breadcrumb","itemListElement":[{"@type":"ListItem","position":1,"name":"Home","item":"https:\/\/sipsy.fi\/"},{"@type":"ListItem","position":2,"name":"Ota yhteytt\u00e4"}]},{"@type":"WebSite","@id":"https:\/\/sipsy.fi\/#website","url":"https:\/\/sipsy.fi\/","name":"SIPSY","description":"IFS Suomi","publisher":{"@id":"https:\/\/sipsy.fi\/#organization"},"potentialAction":[{"@type":"SearchAction","target":{"@type":"EntryPoint","urlTemplate":"https:\/\/sipsy.fi\/?s={search_term_string}"},"query-input":{"@type":"PropertyValueSpecification","valueRequired":true,"valueName":"search_term_string"}}],"inLanguage":"fi"},{"@type":"Organization","@id":"https:\/\/sipsy.fi\/#organization","name":"Sis\u00e4isen perheen systeemiterapia yhdistys ry (SIPSY)","url":"https:\/\/sipsy.fi\/","logo":{"@type":"ImageObject","inLanguage":"fi","@id":"https:\/\/sipsy.fi\/#\/schema\/logo\/image\/","url":"https:\/\/sipsy.fi\/wp-content\/uploads\/2023\/10\/IFSS.png","contentUrl":"https:\/\/sipsy.fi\/wp-content\/uploads\/2023\/10\/IFSS.png","width":1200,"height":1167,"caption":"Sis\u00e4isen perheen systeemiterapia yhdistys ry (SIPSY)"},"image":{"@id":"https:\/\/sipsy.fi\/#\/schema\/logo\/image\/"},"sameAs":["https:\/\/www.facebook.com\/profile.php?id=61551861792338"]}]}},"_links":{"self":[{"href":"https:\/\/sipsy.fi\/fi\/wp-json\/wp\/v2\/pages\/361","targetHints":{"allow":["GET"]}}],"collection":[{"href":"https:\/\/sipsy.fi\/fi\/wp-json\/wp\/v2\/pages"}],"about":[{"href":"https:\/\/sipsy.fi\/fi\/wp-json\/wp\/v2\/types\/page"}],"author":[{"embeddable":true,"href":"https:\/\/sipsy.fi\/fi\/wp-json\/wp\/v2\/users\/1"}],"replies":[{"embeddable":true,"href":"https:\/\/sipsy.fi\/fi\/wp-json\/wp\/v2\/comments?post=361"}],"version-history":[{"count":16,"href":"https:\/\/sipsy.fi\/fi\/wp-json\/wp\/v2\/pages\/361\/revisions"}],"predecessor-version":[{"id":405,"href":"https:\/\/sipsy.fi\/fi\/wp-json\/wp\/v2\/pages\/361\/revisions\/405"}],"wp:attachment":[{"href":"https:\/\/sipsy.fi\/fi\/wp-json\/wp\/v2\/media?parent=361"}],"curies":[{"name":"wp","href":"https:\/\/api.w.org\/{rel}","templated":true}]}}